{"id":1027,"date":"2026-05-01T07:40:11","date_gmt":"2026-05-01T07:40:11","guid":{"rendered":"https:\/\/www.maitemorti.com\/astrologia\/"},"modified":"2026-05-08T12:42:47","modified_gmt":"2026-05-08T12:42:47","slug":"astrologia","status":"publish","type":"page","link":"https:\/\/www.maitemorti.com\/es\/astrologia\/","title":{"rendered":"Astrolog\u00eda"},"content":{"rendered":"<p><img decoding=\"async\" src=\"\/wp-content\/uploads\/2026\/05\/astrologia.svg\" alt=\"\"><\/p>\n<div>\n<h1>La astrolog\u00eda es la parte m\u00e1s \u00edntima de mi trabajo. Te ofrezco una lectura de carta astral de mirada pr\u00e1ctica y evolutiva.<br \/>\n<\/h1>\n<\/div>\n<div>\n<p>La lectura tiene el deseo de que sirva para conocerte mejor. Reconocer cu\u00e1les son las principales herramientas que llevas \u00abde serie\u00bb y cu\u00e1les son tus \u201cpermisos\u201d, tus capacidades y talentos a desplegar para tener una buena vida. Tambi\u00e9n cu\u00e1les son las heridas que dificultan tu evoluci\u00f3n y que una vez sanadas son lo precioso que te hace \u00fanica.<br \/>\nTambi\u00e9n acompa\u00f1o la carta con un bordado de un pedacito del propio mito personal. Esto es un s\u00edmbolo que desea recordar e invitar a transitar este \u00e1rea de la persona.<\/p>\n<\/div>\n<p><img decoding=\"async\" src=\"\/wp-content\/uploads\/2026\/05\/maite_morti_bordado_astrologia.svg\" alt=\"\"><\/p>\n<ul>\n<li>\n<p>        <img decoding=\"async\" src=\"\/wp-content\/uploads\/2026\/05\/maite_morti_astrologia_15.jpg\" alt=\"\"><\/p>\n<h3>maite_morti_astrologia_15<\/h3>\n<\/li>\n<li>\n<p>        <img decoding=\"async\" src=\"\/wp-content\/uploads\/2026\/05\/maite_morti_astrologia_11.jpg\" alt=\"\"><\/p>\n<h3>maite_morti_astrologia_11<\/h3>\n<\/li>\n<li>\n<p>        <img decoding=\"async\" src=\"\/wp-content\/uploads\/2026\/05\/maite_morti_astrologia_10.jpg\" alt=\"\"><\/p>\n<h3>maite_morti_astrologia_10<\/h3>\n<\/li>\n<li>\n<p>        <img decoding=\"async\" src=\"\/wp-content\/uploads\/2026\/05\/maite_morti_astrologia_9.jpg\" alt=\"\"><\/p>\n<h3>maite_morti_astrologia_9<\/h3>\n<\/li>\n<li>\n<p>        <img decoding=\"async\" src=\"\/wp-content\/uploads\/2026\/05\/maite_morti_astrologia_8.jpg\" alt=\"\"><\/p>\n<h3>maite_morti_astrologia_8<\/h3>\n<\/li>\n<li>\n<p>        <img decoding=\"async\" src=\"\/wp-content\/uploads\/2026\/05\/maite_morti_astrologia_7.jpg\" alt=\"\"><\/p>\n<h3>maite_morti_astrologia_7<\/h3>\n<\/li>\n<li>\n<p>        <img decoding=\"async\" src=\"\/wp-content\/uploads\/2026\/05\/maite_morti_astrologia_6.jpg\" alt=\"\"><\/p>\n<h3>maite_morti_astrologia_6<\/h3>\n<\/li>\n<li>\n<p>        <img decoding=\"async\" src=\"\/wp-content\/uploads\/2026\/05\/maite_morti_astrologia_5.jpg\" alt=\"\"><\/p>\n<h3>maite_morti_astrologia_5<\/h3>\n<\/li>\n<li>\n<p>        <img decoding=\"async\" src=\"\/wp-content\/uploads\/2026\/05\/maite_morti_astrologia_1.jpg\" alt=\"\"><\/p>\n<h3>maite_morti_astrologia_1<\/h3>\n<\/li>\n<li>\n<p>        <img decoding=\"async\" src=\"\/wp-content\/uploads\/2026\/05\/maite_morti_astrologia_2.jpg\" alt=\"\"><\/p>\n<h3>maite_morti_astrologia_2<\/h3>\n<\/li>\n<li>\n<p>        <img decoding=\"async\" src=\"\/wp-content\/uploads\/2026\/05\/maite_morti_astrologia_4.jpg\" alt=\"\"><\/p>\n<h3>maite_morti_astrologia_4<\/h3>\n<\/li>\n<\/ul>\n<div>\n<h3><img decoding=\"async\" src=\"\/wp-content\/uploads\/2026\/05\/testimonios_1.svg\" width=\"150px\"><\/h3>\n<div>\n<h6>Idoia<\/h6>\n<p>La lectura de la carta con Maite pas\u00f3 por muchos sitios. Desde una proximidad tranquila, fue perfilando los \u00abesenciales\u00bb de lo que creo que conforman los caminos y senderos de mi vida: como un esc\u00e1ner. Nos paseamos de un tema a otro, y ella les iba acotando y aterrizando con la informaci\u00f3n sobre la carta y todo su conocimiento. <br \/>\nMe gust\u00f3 el ambiente que se gener\u00f3 mientras me lo explicaba, creo que es interesante la proximidad que transmite tanto durante la lectura como despu\u00e9s, con el bordado-mensaje que recoge un concepto com\u00fan entre ambas. \u00a1Gracias!<\/p>\n<h6>Maite<\/h6>\n<p>Para m\u00ed fue un regalo,<br \/> <br \/>\nUna caricia para el alma,<br \/>\nNo s\u00f3lo por la sabidur\u00eda que expresa Maite en en todo lo que te va explicando, tambi\u00e9n es lo f\u00e1cil que te lo hace comprender a pesar de que no tengas ni de astrolog\u00eda.<br \/>\nUn acompa\u00f1amiento lleno de belleza, d\u00e1ndole luz a todo lo que te descubre en la carta, aunque sean dificultades y partes m\u00e1s oscuras, dando certezas a los dones que venimos a manifestar en esta vida.<br \/>\nCien por cien recomendable.\n<\/p>\n<h6>Caterina<\/h6>\n<p>\nCon Maite hice mi primer acercamiento a la astrolog\u00eda, en una lectura de carta de la que no sab\u00eda qu\u00e9 esperar.<br \/>\nEl suyo es un enfoque humanista y luminoso que reafirma las virtudes, pone en valor los recursos propios y se\u00f1ala retos asumibles con una mirada emp\u00e1tica y fresca como ella.<br \/>\nTodo parece conocido, y al mismo tiempo todo se revela de nuevo. Porque su forma de leer es sensible y creativa, y te devuelve bastante, como si te reconocieras desde otro lugar.<br \/>\nUna experiencia hermosa, terap\u00e9utica y amable.<br \/>\nEl bordado que le acompa\u00f1a, un peque\u00f1o talism\u00e1n.<\/p>\n<h6>Marta<\/h6>\n<p>Hay experiencias que llegan en el momento justo, y \u00e9sta ha sido una &#x1f4ab;<\/p>\n<p>Hacerme la carta astral con Maite ha sido mucho m\u00e1s que una lectura: ha sido un viaje hacia m\u00ed misma. Me ha ayudado a entender mejor qui\u00e9n soy, a ver con claridad mis puntos fuertes y tambi\u00e9n a abrazar partes de m\u00ed que quiz\u00e1 no acababa de entender.<\/p>\n<p>Con una sensibilidad y acompa\u00f1amiento sin juicios, no s\u00f3lo me he conocido m\u00e1s, sino que tambi\u00e9n he aprendido a confiar m\u00e1s en el proceso de la vida, en el destino y en lo que no siempre podemos controlar.<\/p>\n<p>Gracias por su mirada y la forma tan bonita que tiene que guiar &#x1f49c;&#x2728;<\/p>\n<h6>Sandra<\/h6>\n<p>La lectura de mi carta natal con Maite ha sido una experiencia muy especial desde el primer momento. Su mirada me ha ayudado a entender aspectos de m\u00ed que no ten\u00eda tan presentes y he salido con muchas reflexiones bonitas que me estan ayudando  en mi dia a dia.<\/p>\n<h6>Ignacio<\/h6>\n<p>La lectura de la carta con Maite me ha encantado. Me ha dado un mapa muy claro y f\u00e1cil de entender, y me ha dado salida a varias cuestiones que estaban atascadas. Adem\u00e1s, Maite tiene mucha experiencia vital y eso se nota, y el bordado de mi mito me encanta.<\/p>\n<\/div>\n<\/div>\n<div>\n<h1>Si quieres una lectura<br \/>escr\u00edbeme a hola@maitemorti.com<\/h1>\n<\/div>\n<p><!--more--><br \/>\n<!-- {\"type\":\"layout\",\"children\":[{\"type\":\"section\",\"props\":{\"animation\":\"fade\",\"animation_delay\":\"200\",\"image_position\":\"center-center\",\"style\":\"default\",\"title_breakpoint\":\"xl\",\"title_position\":\"top-left\",\"title_rotation\":\"left\",\"vertical_align\":\"middle\",\"width\":\"default\"},\"children\":[{\"type\":\"row\",\"props\":{\"column_gap\":\"large\",\"layout\":\"1-3,1-3,1-3\",\"row_gap\":\"large\"},\"children\":[{\"type\":\"column\",\"props\":{\"image_position\":\"center-center\",\"position_sticky_breakpoint\":\"m\",\"width_medium\":\"1-3\"},\"children\":[{\"type\":\"image\",\"props\":{\"image\":\"wp-content\/uploads\/2026\/05\/astrologia.svg\",\"image_height\":40,\"image_svg_color\":\"emphasis\",\"margin_bottom\":\"default\",\"margin_top\":\"xsmall\",\"text_align\":\"center\"}},{\"type\":\"text\",\"props\":{\"column_breakpoint\":\"m\",\"content\":\"\n\n<h1>La astrolog\u00eda es la parte m\u00e1s \u00edntima de mi trabajo. Te ofrezco una lectura de carta astral de mirada pr\u00e1ctica y evolutiva.\\n<\/h1>\n\n\\n\",\"margin_bottom\":\"default\",\"margin_top\":\"medium\",\"text_align\":\"center\"}},{\"type\":\"text\",\"props\":{\"column_breakpoint\":\"m\",\"content\":\"\\n\n\n<p>La lectura tiene el deseo de que sirva para conocerte mejor. Reconocer cu\u00e1les son las principales herramientas que llevas \\\"de serie\\\" y cu\u00e1les son tus \u201cpermisos\u201d, tus capacidades y talentos a desplegar para tener una buena vida. Tambi\u00e9n cu\u00e1les son las heridas que dificultan tu evoluci\u00f3n y que una vez sanadas son lo precioso que te hace \u00fanica.\\nTambi\u00e9n acompa\u00f1o la carta con un bordado de un pedacito del propio mito personal. Esto es un s\u00edmbolo que desea recordar e invitar a transitar este \u00e1rea de la persona.<\/p>\n\n\\n\",\"margin_bottom\":\"medium\",\"margin_top\":\"medium\",\"text_align\":\"center\"}}]},{\"type\":\"column\",\"props\":{\"image_position\":\"center-center\",\"position_sticky_breakpoint\":\"m\",\"width_medium\":\"1-3\"},\"children\":[{\"type\":\"image\",\"props\":{\"image\":\"wp-content\/uploads\/2026\/05\/maite_morti_bordado_astrologia.svg\",\"image_svg_color\":\"emphasis\",\"image_width\":290,\"margin_bottom\":\"default\",\"margin_top\":\"xsmall\",\"text_align\":\"center\"}},{\"type\":\"overlay-slider\",\"props\":{\"image_border\":\"rounded\",\"image_loading\":true,\"link_style\":\"default\",\"link_text\":\"Read more\",\"margin_bottom\":\"small\",\"margin_top\":\"default\",\"meta_align\":\"below-title\",\"meta_element\":\"div\",\"meta_style\":\"text-meta\",\"nav\":\"dotnav\",\"nav_align\":\"center\",\"nav_below\":true,\"nav_breakpoint\":\"\",\"nav_position\":\"bottom-center\",\"nav_position_margin\":\"medium\",\"overlay_mode\":\"cover\",\"overlay_position\":\"center\",\"overlay_transition\":\"fade\",\"show_content\":true,\"show_hover_image\":true,\"show_hover_video\":true,\"show_link\":true,\"show_meta\":true,\"show_title\":false,\"slidenav\":\"\",\"slidenav_breakpoint\":\"s\",\"slidenav_margin\":\"medium\",\"slidenav_outside_breakpoint\":\"xl\",\"slider_autoplay_pause\":true,\"slider_gap\":\"default\",\"slider_width\":\"fixed\",\"slider_width_default\":\"1-1\",\"slider_width_medium\":\"\",\"text_align\":\"center\",\"title_element\":\"h3\",\"title_hover_style\":\"reset\"},\"children\":[{\"type\":\"overlay-slider_item\",\"props\":{\"image\":\"wp-content\/uploads\/2026\/05\/maite_morti_astrologia_15.jpg\",\"title\":\"maite_morti_astrologia_15\"}},{\"type\":\"overlay-slider_item\",\"props\":{\"image\":\"wp-content\/uploads\/2026\/05\/maite_morti_astrologia_11.jpg\",\"title\":\"maite_morti_astrologia_11\"}},{\"type\":\"overlay-slider_item\",\"props\":{\"image\":\"wp-content\/uploads\/2026\/05\/maite_morti_astrologia_10.jpg\",\"title\":\"maite_morti_astrologia_10\"}},{\"type\":\"overlay-slider_item\",\"props\":{\"image\":\"wp-content\/uploads\/2026\/05\/maite_morti_astrologia_9.jpg\",\"title\":\"maite_morti_astrologia_9\"}},{\"type\":\"overlay-slider_item\",\"props\":{\"image\":\"wp-content\/uploads\/2026\/05\/maite_morti_astrologia_8.jpg\",\"title\":\"maite_morti_astrologia_8\"}},{\"type\":\"overlay-slider_item\",\"props\":{\"image\":\"wp-content\/uploads\/2026\/05\/maite_morti_astrologia_7.jpg\",\"title\":\"maite_morti_astrologia_7\"}},{\"type\":\"overlay-slider_item\",\"props\":{\"image\":\"wp-content\/uploads\/2026\/05\/maite_morti_astrologia_6.jpg\",\"title\":\"maite_morti_astrologia_6\"}},{\"type\":\"overlay-slider_item\",\"props\":{\"image\":\"wp-content\/uploads\/2026\/05\/maite_morti_astrologia_5.jpg\",\"title\":\"maite_morti_astrologia_5\"}},{\"type\":\"overlay-slider_item\",\"props\":{\"image\":\"wp-content\/uploads\/2026\/05\/maite_morti_astrologia_1.jpg\",\"title\":\"maite_morti_astrologia_1\"}},{\"type\":\"overlay-slider_item\",\"props\":{\"image\":\"wp-content\/uploads\/2026\/05\/maite_morti_astrologia_2.jpg\",\"title\":\"maite_morti_astrologia_2\"}},{\"type\":\"overlay-slider_item\",\"props\":{\"image\":\"wp-content\/uploads\/2026\/05\/maite_morti_astrologia_4.jpg\",\"title\":\"maite_morti_astrologia_4\"}}]}]},{\"type\":\"column\",\"props\":{\"image_position\":\"center-center\",\"position_sticky_breakpoint\":\"m\",\"width_medium\":\"1-3\"},\"children\":[{\"type\":\"accordion\",\"props\":{\"collapsible\":true,\"content_column_breakpoint\":\"m\",\"image_align\":\"top\",\"image_grid_breakpoint\":\"m\",\"image_grid_width\":\"1-2\",\"image_svg_color\":\"emphasis\",\"link_style\":\"default\",\"link_text\":\"Read more\",\"show_image\":true,\"show_link\":true,\"text_align\":\"center\"},\"children\":[{\"type\":\"accordion_item\",\"props\":{\"content\":\"\n\n<h6>Idoia<\/h6>\n\n\\n\n\n<p>La lectura de la carta con Maite pas\u00f3 por muchos sitios. Desde una proximidad tranquila, fue perfilando los \\\"esenciales\\\" de lo que creo que conforman los caminos y senderos de mi vida: como un esc\u00e1ner. Nos paseamos de un tema a otro, y ella les iba acotando y aterrizando con la informaci\u00f3n sobre la carta y todo su conocimiento. <br \/>\\nMe gust\u00f3 el ambiente que se gener\u00f3 mientras me lo explicaba, creo que es interesante la proximidad que transmite tanto durante la lectura como despu\u00e9s, con el bordado-mensaje que recoge un concepto com\u00fan entre ambas. \u00a1Gracias!\\n\\n<\/p>\n\n\\n\n\n<h6>Maite<\/h6>\n\n\\n\n\n<p>Para m\u00ed fue un regalo,<br \/> \\nUna caricia para el alma,<br \/>\\nNo s\u00f3lo por la sabidur\u00eda que expresa Maite en en todo lo que te va explicando, tambi\u00e9n es lo f\u00e1cil que te lo hace comprender a pesar de que no tengas ni de astrolog\u00eda.<br \/>\\nUn acompa\u00f1amiento lleno de belleza, d\u00e1ndole luz a todo lo que te descubre en la carta, aunque sean dificultades y partes m\u00e1s oscuras, dando certezas a los dones que venimos a manifestar en esta vida.<br \/>\\nCien por cien recomendable.\\n<\/p>\n\n\\n\n\n<h6>Caterina<\/h6>\n\n\\n\n\n<p>\\nCon Maite hice mi primer acercamiento a la astrolog\u00eda, en una lectura de carta de la que no sab\u00eda qu\u00e9 esperar.<br \/>\\nEl suyo es un enfoque humanista y luminoso que reafirma las virtudes, pone en valor los recursos propios y se\u00f1ala retos asumibles con una mirada emp\u00e1tica y fresca como ella.<br \/>\\nTodo parece conocido, y al mismo tiempo todo se revela de nuevo. Porque su forma de leer es sensible y creativa, y te devuelve bastante, como si te reconocieras desde otro lugar.<br \/>\\nUna experiencia hermosa, terap\u00e9utica y amable.<br \/>\\nEl bordado que le acompa\u00f1a, un peque\u00f1o talism\u00e1n.\\n\\n<\/p>\n\n\\n\\n\n\n<h6>Marta<\/h6>\n\n\\n\n\n<p>Hay experiencias que llegan en el momento justo, y \u00e9sta ha sido una &#x1f4ab;<br \/>\\n\\nHacerme la carta astral con Maite ha sido mucho m\u00e1s que una lectura: ha sido un viaje hacia m\u00ed misma. Me ha ayudado a entender mejor qui\u00e9n soy, a ver con claridad mis puntos fuertes y tambi\u00e9n a abrazar partes de m\u00ed que quiz\u00e1 no acababa de entender.<br \/>\\n\\nCon una sensibilidad y acompa\u00f1amiento sin juicios, no s\u00f3lo me he conocido m\u00e1s, sino que tambi\u00e9n he aprendido a confiar m\u00e1s en el proceso de la vida, en el destino y en lo que no siempre podemos controlar.<br \/>\\n\\nGracias por su mirada y la forma tan bonita que tiene que guiar &#x1f49c;&#x2728;<\/p>\n\n\\n\\n\n\n<h6>Sandra<\/h6>\n\n\\n\n\n<p>La lectura de mi carta natal con Maite ha sido una experiencia muy especial desde el primer momento. Su mirada me ha ayudado a entender aspectos de m\u00ed que no ten\u00eda tan presentes y he salido con muchas reflexiones bonitas que me estan ayudando  en mi dia a dia.<\/p>\n\n\\n\\n\n\n<h6>Ignacio<\/h6>\n\n\\n\n\n<p>La lectura de la carta con Maite me ha encantado. Me ha dado un mapa muy claro y f\u00e1cil de entender, y me ha dado salida a varias cuestiones que estaban atascadas. Adem\u00e1s, Maite tiene mucha experiencia vital y eso se nota, y el bordado de mi mito me encanta.<\/p>\n\n\\n\",\"title\":\"<img src=\\\"wp-content\/uploads\/2026\/05\/testimonios_1.svg\\\" width=\\\"150px\\\">\"}}],\"name\":\"testimonis\"}]}]},{\"type\":\"row\",\"props\":{\"column_gap\":\"large\",\"layout\":\"1-3,1-3,1-3\",\"row_gap\":\"large\"},\"children\":[{\"type\":\"column\",\"props\":{\"image_position\":\"center-center\",\"position_sticky_breakpoint\":\"m\",\"width_medium\":\"1-3\"}},{\"type\":\"column\",\"props\":{\"image_position\":\"center-center\",\"position_sticky_breakpoint\":\"m\",\"width_medium\":\"1-3\"},\"children\":[{\"type\":\"text\",\"props\":{\"column_breakpoint\":\"m\",\"content\":\"\n\n<h1>Si quieres una lectura<br \/>escr\u00edbeme a hola@maitemorti.com<\/h1>\n\n\",\"margin_bottom\":\"default\",\"margin_top\":\"default\",\"text_align\":\"center\"}}]},{\"type\":\"column\",\"props\":{\"image_position\":\"center-center\",\"position_sticky_breakpoint\":\"m\",\"vertical_align\":\"bottom\",\"width_medium\":\"1-3\"}}]}]}],\"version\":\"5.0.29\"} --><\/p>\n","protected":false},"excerpt":{"rendered":"<p>La astrolog\u00eda es la parte m\u00e1s \u00edntima de mi trabajo. Te ofrezco una lectura de carta astral de mirada pr\u00e1ctica y evolutiva. La lectura tiene el deseo de que sirva para conocerte mejor. Reconocer cu\u00e1les son las principales herramientas que llevas \u00abde serie\u00bb y cu\u00e1les son tus \u201cpermisos\u201d, tus capacidades y talentos a desplegar para [&hellip;]<\/p>\n","protected":false},"author":1,"featured_media":0,"parent":0,"menu_order":0,"comment_status":"closed","ping_status":"closed","template":"","meta":{"footnotes":""},"class_list":["post-1027","page","type-page","status-publish","hentry"],"yoast_head":"<!-- This site is optimized with the Yoast SEO plugin v27.5 - https:\/\/yoast.com\/product\/yoast-seo-wordpress\/ -->\n<title>Astrolog\u00eda - Maite Morti<\/title>\n<meta name=\"robots\" content=\"index, follow, max-snippet:-1, max-image-preview:large, max-video-preview:-1\" \/>\n<link rel=\"canonical\" href=\"https:\/\/www.maitemorti.com\/es\/astrologia\/\" \/>\n<meta property=\"og:locale\" content=\"es_ES\" \/>\n<meta property=\"og:type\" content=\"article\" \/>\n<meta property=\"og:title\" content=\"Astrolog\u00eda - Maite Morti\" \/>\n<meta property=\"og:description\" content=\"La astrolog\u00eda es la parte m\u00e1s \u00edntima de mi trabajo. Te ofrezco una lectura de carta astral de mirada pr\u00e1ctica y evolutiva. La lectura tiene el deseo de que sirva para conocerte mejor. Reconocer cu\u00e1les son las principales herramientas que llevas \u00abde serie\u00bb y cu\u00e1les son tus \u201cpermisos\u201d, tus capacidades y talentos a desplegar para [&hellip;]\" \/>\n<meta property=\"og:url\" content=\"https:\/\/www.maitemorti.com\/es\/astrologia\/\" \/>\n<meta property=\"og:site_name\" content=\"Maite Morti\" \/>\n<meta property=\"article:modified_time\" content=\"2026-05-08T12:42:47+00:00\" \/>\n<meta name=\"twitter:card\" content=\"summary_large_image\" \/>\n<meta name=\"twitter:label1\" content=\"Tiempo de lectura\" \/>\n\t<meta name=\"twitter:data1\" content=\"6 minutos\" \/>\n<script type=\"application\/ld+json\" class=\"yoast-schema-graph\">{\"@context\":\"https:\\\/\\\/schema.org\",\"@graph\":[{\"@type\":\"WebPage\",\"@id\":\"https:\\\/\\\/www.maitemorti.com\\\/es\\\/astrologia\\\/\",\"url\":\"https:\\\/\\\/www.maitemorti.com\\\/es\\\/astrologia\\\/\",\"name\":\"Astrolog\u00eda - Maite Morti\",\"isPartOf\":{\"@id\":\"https:\\\/\\\/www.maitemorti.com\\\/#website\"},\"datePublished\":\"2026-05-01T07:40:11+00:00\",\"dateModified\":\"2026-05-08T12:42:47+00:00\",\"breadcrumb\":{\"@id\":\"https:\\\/\\\/www.maitemorti.com\\\/es\\\/astrologia\\\/#breadcrumb\"},\"inLanguage\":\"es\",\"potentialAction\":[{\"@type\":\"ReadAction\",\"target\":[\"https:\\\/\\\/www.maitemorti.com\\\/es\\\/astrologia\\\/\"]}]},{\"@type\":\"BreadcrumbList\",\"@id\":\"https:\\\/\\\/www.maitemorti.com\\\/es\\\/astrologia\\\/#breadcrumb\",\"itemListElement\":[{\"@type\":\"ListItem\",\"position\":1,\"name\":\"Inici\",\"item\":\"https:\\\/\\\/www.maitemorti.com\\\/\"},{\"@type\":\"ListItem\",\"position\":2,\"name\":\"Astrolog\u00eda\"}]},{\"@type\":\"WebSite\",\"@id\":\"https:\\\/\\\/www.maitemorti.com\\\/#website\",\"url\":\"https:\\\/\\\/www.maitemorti.com\\\/\",\"name\":\"Maite Morti\",\"description\":\"Aviat online\",\"publisher\":{\"@id\":\"https:\\\/\\\/www.maitemorti.com\\\/#organization\"},\"potentialAction\":[{\"@type\":\"SearchAction\",\"target\":{\"@type\":\"EntryPoint\",\"urlTemplate\":\"https:\\\/\\\/www.maitemorti.com\\\/?s={search_term_string}\"},\"query-input\":{\"@type\":\"PropertyValueSpecification\",\"valueRequired\":true,\"valueName\":\"search_term_string\"}}],\"inLanguage\":\"es\"},{\"@type\":\"Organization\",\"@id\":\"https:\\\/\\\/www.maitemorti.com\\\/#organization\",\"name\":\"Maite Morti\",\"url\":\"https:\\\/\\\/www.maitemorti.com\\\/\",\"logo\":{\"@type\":\"ImageObject\",\"inLanguage\":\"es\",\"@id\":\"https:\\\/\\\/www.maitemorti.com\\\/#\\\/schema\\\/logo\\\/image\\\/\",\"url\":\"https:\\\/\\\/www.maitemorti.com\\\/wp-content\\\/uploads\\\/2025\\\/05\\\/maite_morti_logo.jpg\",\"contentUrl\":\"https:\\\/\\\/www.maitemorti.com\\\/wp-content\\\/uploads\\\/2025\\\/05\\\/maite_morti_logo.jpg\",\"width\":1920,\"height\":605,\"caption\":\"Maite Morti\"},\"image\":{\"@id\":\"https:\\\/\\\/www.maitemorti.com\\\/#\\\/schema\\\/logo\\\/image\\\/\"},\"sameAs\":[\"https:\\\/\\\/www.instagram.com\\\/maitemorti\\\/\",\"https:\\\/\\\/www.youtube.com\\\/channel\\\/UCfwEi88TEiXH-Ovn6E8GGAQ\"]}]}<\/script>\n<!-- \/ Yoast SEO plugin. -->","yoast_head_json":{"title":"Astrolog\u00eda - Maite Morti","robots":{"index":"index","follow":"follow","max-snippet":"max-snippet:-1","max-image-preview":"max-image-preview:large","max-video-preview":"max-video-preview:-1"},"canonical":"https:\/\/www.maitemorti.com\/es\/astrologia\/","og_locale":"es_ES","og_type":"article","og_title":"Astrolog\u00eda - Maite Morti","og_description":"La astrolog\u00eda es la parte m\u00e1s \u00edntima de mi trabajo. Te ofrezco una lectura de carta astral de mirada pr\u00e1ctica y evolutiva. La lectura tiene el deseo de que sirva para conocerte mejor. Reconocer cu\u00e1les son las principales herramientas que llevas \u00abde serie\u00bb y cu\u00e1les son tus \u201cpermisos\u201d, tus capacidades y talentos a desplegar para [&hellip;]","og_url":"https:\/\/www.maitemorti.com\/es\/astrologia\/","og_site_name":"Maite Morti","article_modified_time":"2026-05-08T12:42:47+00:00","twitter_card":"summary_large_image","twitter_misc":{"Tiempo de lectura":"6 minutos"},"schema":{"@context":"https:\/\/schema.org","@graph":[{"@type":"WebPage","@id":"https:\/\/www.maitemorti.com\/es\/astrologia\/","url":"https:\/\/www.maitemorti.com\/es\/astrologia\/","name":"Astrolog\u00eda - Maite Morti","isPartOf":{"@id":"https:\/\/www.maitemorti.com\/#website"},"datePublished":"2026-05-01T07:40:11+00:00","dateModified":"2026-05-08T12:42:47+00:00","breadcrumb":{"@id":"https:\/\/www.maitemorti.com\/es\/astrologia\/#breadcrumb"},"inLanguage":"es","potentialAction":[{"@type":"ReadAction","target":["https:\/\/www.maitemorti.com\/es\/astrologia\/"]}]},{"@type":"BreadcrumbList","@id":"https:\/\/www.maitemorti.com\/es\/astrologia\/#breadcrumb","itemListElement":[{"@type":"ListItem","position":1,"name":"Inici","item":"https:\/\/www.maitemorti.com\/"},{"@type":"ListItem","position":2,"name":"Astrolog\u00eda"}]},{"@type":"WebSite","@id":"https:\/\/www.maitemorti.com\/#website","url":"https:\/\/www.maitemorti.com\/","name":"Maite Morti","description":"Aviat online","publisher":{"@id":"https:\/\/www.maitemorti.com\/#organization"},"potentialAction":[{"@type":"SearchAction","target":{"@type":"EntryPoint","urlTemplate":"https:\/\/www.maitemorti.com\/?s={search_term_string}"},"query-input":{"@type":"PropertyValueSpecification","valueRequired":true,"valueName":"search_term_string"}}],"inLanguage":"es"},{"@type":"Organization","@id":"https:\/\/www.maitemorti.com\/#organization","name":"Maite Morti","url":"https:\/\/www.maitemorti.com\/","logo":{"@type":"ImageObject","inLanguage":"es","@id":"https:\/\/www.maitemorti.com\/#\/schema\/logo\/image\/","url":"https:\/\/www.maitemorti.com\/wp-content\/uploads\/2025\/05\/maite_morti_logo.jpg","contentUrl":"https:\/\/www.maitemorti.com\/wp-content\/uploads\/2025\/05\/maite_morti_logo.jpg","width":1920,"height":605,"caption":"Maite Morti"},"image":{"@id":"https:\/\/www.maitemorti.com\/#\/schema\/logo\/image\/"},"sameAs":["https:\/\/www.instagram.com\/maitemorti\/","https:\/\/www.youtube.com\/channel\/UCfwEi88TEiXH-Ovn6E8GGAQ"]}]}},"_links":{"self":[{"href":"https:\/\/www.maitemorti.com\/es\/wp-json\/wp\/v2\/pages\/1027","targetHints":{"allow":["GET"]}}],"collection":[{"href":"https:\/\/www.maitemorti.com\/es\/wp-json\/wp\/v2\/pages"}],"about":[{"href":"https:\/\/www.maitemorti.com\/es\/wp-json\/wp\/v2\/types\/page"}],"author":[{"embeddable":true,"href":"https:\/\/www.maitemorti.com\/es\/wp-json\/wp\/v2\/users\/1"}],"replies":[{"embeddable":true,"href":"https:\/\/www.maitemorti.com\/es\/wp-json\/wp\/v2\/comments?post=1027"}],"version-history":[{"count":10,"href":"https:\/\/www.maitemorti.com\/es\/wp-json\/wp\/v2\/pages\/1027\/revisions"}],"predecessor-version":[{"id":1109,"href":"https:\/\/www.maitemorti.com\/es\/wp-json\/wp\/v2\/pages\/1027\/revisions\/1109"}],"wp:attachment":[{"href":"https:\/\/www.maitemorti.com\/es\/wp-json\/wp\/v2\/media?parent=1027"}],"curies":[{"name":"wp","href":"https:\/\/api.w.org\/{rel}","templated":true}]}}